{"id":51896,"date":"2026-01-16T12:54:40","date_gmt":"2026-01-16T11:54:40","guid":{"rendered":"https:\/\/www.test.cesramonycajal.com\/?page_id=51896"},"modified":"2026-01-17T13:07:19","modified_gmt":"2026-01-17T12:07:19","slug":"aviso-legal","status":"publish","type":"page","link":"https:\/\/www.test.cesramonycajal.com\/?page_id=51896","title":{"rendered":"Aviso legal"},"content":{"rendered":"<p>[et_pb_section fb_built=\u00bb1&#8243; admin_label=\u00bbHeader\u00bb _builder_version=\u00bb4.27.5&#8243; _module_preset=\u00bbdefault\u00bb global_colors_info=\u00bb{}\u00bb][et_pb_row _builder_version=\u00bb4.27.5&#8243; _module_preset=\u00bbdefault\u00bb global_colors_info=\u00bb{}\u00bb][et_pb_column type=\u00bb4_4&#8243; admin_label=\u00bbColumna\u00bb _builder_version=\u00bb4.27.5&#8243; _module_preset=\u00bbdefault\u00bb global_colors_info=\u00bb{}\u00bb][et_pb_heading title=\u00bbAviso legal\u00bb _builder_version=\u00bb4.27.5&#8243; _module_preset=\u00bbdefault\u00bb title_font=\u00bb||||||||\u00bb title_text_align=\u00bbcenter\u00bb hover_enabled=\u00bb0&#8243; global_colors_info=\u00bb{}\u00bb sticky_enabled=\u00bb0&#8243;][\/et_pb_heading][\/et_pb_column][\/et_pb_row][\/et_pb_section][et_pb_section fb_built=\u00bb1&#8243; admin_label=\u00bbAviso legal\u00bb _builder_version=\u00bb4.27.5&#8243; _module_preset=\u00bbdefault\u00bb global_colors_info=\u00bb{}\u00bb][et_pb_row _builder_version=\u00bb4.27.5&#8243; _module_preset=\u00bbdefault\u00bb global_colors_info=\u00bb{}\u00bb][et_pb_column type=\u00bb4_4&#8243; _builder_version=\u00bb4.27.5&#8243; _module_preset=\u00bbdefault\u00bb global_colors_info=\u00bb{}\u00bb][et_pb_text _builder_version=\u00bb4.27.5&#8243; _module_preset=\u00bbdefault\u00bb inline_fonts=\u00bbABeeZee\u00bb global_colors_info=\u00bb{}\u00bb]<\/p>\n<h2 style=\"text-align: justify;\"><\/h2>\n<h2 style=\"text-align: justify;\">Titularidad del sitio web<\/h2>\n<p><span>En cumplimiento del art\u00edculo 10 de la Ley 34\/2002, de 11 de julio, de Servicios de la Sociedad de la Informaci\u00f3n y Comercio Electr\u00f3nico, se facilita la siguiente informaci\u00f3n sobre el responsable del sitio web:<\/span><\/p>\n<h3>Responsable del tratamiento de los datos<\/h3>\n<p><span><strong>Nombre:<\/strong> TEAR S.C.A.<\/span><\/p>\n<p><span><strong>CIF:<\/strong> F18024703<\/span><\/p>\n<p><span><strong>Domicilio:<\/strong> C\/ Ca\u00f1averal, s\/n, 18004 Granada<\/span><\/p>\n<p><span><strong>Tel\u00e9fono:<\/strong> 958 27 97 62<\/span><\/p>\n<p><span><strong>Correo electr\u00f3nico:<\/strong> <a href=\"mailto:administracion@cesramonycajal.com\">administracion@cesramonycajal.com<\/a><\/span><\/p>\n<p><span><strong>Sitios web:<\/strong><\/span><\/p>\n<ul>\n<li style=\"text-align: left;\"><span style=\"font-family: inherit; font-weight: normal;\"><span role=\"button\" data-url=\"https:\/\/www.cesramonycajal.com\" aria-label=\"www.cesramonycajal.com, esto le llevar\u00e1 a www.cesramonycajal.com\" tabindex=\"0\"><a href=\"WWW.CESRAMONYCAJAL.COM\">www.cesramonycajal.com<\/a><\/span><\/span><\/li>\n<li style=\"text-align: left;\"><span style=\"font-family: inherit; font-weight: normal;\"><span role=\"button\" data-url=\"https:\/\/www.cesramonycajal.com\" aria-label=\"www.cesramonycajal.com, esto le llevar\u00e1 a www.cesramonycajal.com\" tabindex=\"0\"><a href=\"WWW.ESOYBACHILLERATO.CESRAMONYCAJAL.COM\">www.esoybachillerato.cesramonycajal.com<\/a><\/span><\/span><\/li>\n<li style=\"text-align: left;\"><span style=\"font-family: inherit; font-weight: normal;\"><span role=\"button\" data-url=\"https:\/\/www.cesramonycajal.com\" aria-label=\"www.cesramonycajal.com, esto le llevar\u00e1 a www.cesramonycajal.com\" tabindex=\"0\"><a href=\"WWW.ESPACIODELALUMNADO.CESRAMONYCAJAL.COM\">www.espaciodelalumnado.cesramonycajal.com<\/a><\/span><\/span><\/li>\n<li style=\"text-align: left;\"><a href=\"WWW.GUIATIEMPOLIBRE.COM\" style=\"font-family: inherit;\">www.guiatiempolibre.com<\/a><\/li>\n<li style=\"text-align: left;\"><span style=\"font-family: inherit; font-weight: normal;\"><span role=\"button\" data-url=\"https:\/\/www.cesramonycajal.com\" aria-label=\"www.cesramonycajal.com, esto le llevar\u00e1 a www.cesramonycajal.com\" tabindex=\"0\"><a href=\"WWW.INTERNACIONAL.CESRAMONYCAJAL.COM\">www.internacional.cesramonycajal.com<\/a><\/span><\/span><\/li>\n<\/ul>\n<p>Puedes utilizar cualquiera de estos medios para comunicarte con nosotros.<\/p>\n<h2>Usuarios<\/h2>\n<p>El acceso y\/o uso de este portal propiedad de TEAR S.C.A. atribuye la condici\u00f3n de USUARIO, que acepta, desde dicho acceso y\/o uso, las Condiciones Generales de aqu\u00ed reflejadas. Las citadas Condiciones ser\u00e1n de aplicaci\u00f3n independientemente de las Condiciones Generales de Contrataci\u00f3n que en su caso resulten de obligado cumplimiento.<\/p>\n<h2>Uso del portal<\/h2>\n<p>WWW.CESRAMONYCAJAL.COM proporciona el acceso a multitud de informaciones, servicios, programas o datos (en adelante, \u201clos contenidos\u201d) en Internet pertenecientes a TEAR S.C.A. o a sus licenciantes a los que el USUARIO pueda tener acceso. El USUARIO asume la responsabilidad del uso del portal. Dicha responsabilidad se extiende al registro que fuese necesario para acceder a determinados servicios o contenidos. En dicho registro el USUARIO ser\u00e1 responsable de aportar informaci\u00f3n veraz y l\u00edcita. Como consecuencia de este registro, al USUARIO se le puede proporcionar una contrase\u00f1a de la que ser\u00e1 responsable, comprometi\u00e9ndose a hacer un uso diligente y confidencial de la misma. El USUARIO se compromete a hacer un uso adecuado de los contenidos y servicios que TEAR S.C.A. puede ofrecer a trav\u00e9s de su portal y con car\u00e1cter enunciativo pero no limitativo, a no emplearlos para (i) incurrir en actividades il\u00edcitas, ilegales o contrarias a la buena fe y al orden p\u00fablico; (ii) difundir contenidos o propaganda de car\u00e1cter racista, xen\u00f3fobo, pornogr\u00e1fico-ilegal, de apolog\u00eda del terrorismo o atentatorio contra los derechos humanos; (iii) provocar da\u00f1os en los sistemas f\u00edsicos y l\u00f3gicos de TEAR S.C.A., de sus proveedores o de terceras personas, introducir o difundir en la red virus inform\u00e1ticos o cualesquiera otros sistemas f\u00edsicos o l\u00f3gicos que sean susceptibles de provocar los da\u00f1os anteriormente mencionados; (iv) intentar acceder y, en su caso, utilizar las cuentas de correo electr\u00f3nico de otros usuarios y modificar o manipular sus mensajes. TEAR S.C.A. se reserva el derecho de retirar todos aquellos comentarios y aportaciones que vulneren el respeto a la dignidad de la persona, que sean discriminatorios, xen\u00f3fobos, racistas, pornogr\u00e1ficos, que atenten contra la juventud o la infancia, el orden o la seguridad p\u00fablica o que, a su juicio, no resultaran adecuados para su publicaci\u00f3n. En cualquier caso, TEAR S.C.A. no ser\u00e1 responsable de las opiniones vertidas por los usuarios a trav\u00e9s de los foros, chats, u otras herramientas de participaci\u00f3n.<\/p>\n<h2>Propiedad intelectual e industrial<\/h2>\n<p>TEAR S.C.A. por s\u00ed o como cesionaria, es titular de todos los derechos de propiedad intelectual e industrial de su p\u00e1gina web, as\u00ed como de los elementos contenidos en la misma (a t\u00edtulo enunciativo, im\u00e1genes, sonido, audio, v\u00eddeo, software o textos; marcas o logotipos, combinaciones de colores, estructura y dise\u00f1o, selecci\u00f3n de materiales usados, programas de ordenador necesarios para su funcionamiento, acceso y uso, etc.), titularidad de TEAR S.C.A. o bien de sus licenciantes. Todos los derechos reservados. En virtud de lo dispuesto en los art\u00edculos 8 y 32.1, p\u00e1rrafo segundo, de la Ley de Propiedad Intelectual, quedan expresamente prohibidas la reproducci\u00f3n, la distribuci\u00f3n y la comunicaci\u00f3n p\u00fablica, incluida su modalidad de puesta a disposici\u00f3n, de la totalidad o parte de los contenidos de esta p\u00e1gina web, con fines comerciales, en cualquier soporte y por cualquier medio t\u00e9cnico, sin la autorizaci\u00f3n de TEAR S.C.A.. El USUARIO se compromete a respetar los derechos de Propiedad Intelectual e Industrial titularidad de TEAR S.C.A.. Podr\u00e1 visualizar los elementos del portal e incluso imprimirlos, copiarlos y almacenarlos en el disco duro de su ordenador o en cualquier otro soporte f\u00edsico siempre y cuando sea, \u00fanica y exclusivamente, para su uso personal y privado. El USUARIO deber\u00e1 abstenerse de suprimir, alterar, eludir o manipular cualquier dispositivo de protecci\u00f3n o sistema de seguridad que estuviera instalado en el las p\u00e1ginas de TEAR S.C.A..<\/p>\n<p>&nbsp;<\/p>\n<h2>Exclusi\u00f3n de garant\u00edas y responsabilidad<\/h2>\n<p>TEAR S.C.A. no se hace responsable, en ning\u00fan caso, de los da\u00f1os y perjuicios de cualquier naturaleza que pudieran ocasionar, a t\u00edtulo enunciativo: errores u omisiones en los contenidos, falta de disponibilidad del portal o la transmisi\u00f3n de virus o programas maliciosos o lesivos en los contenidos, a pesar de haber adoptado todas las medidas tecnol\u00f3gicas necesarias para evitarlo.<\/p>\n<h2>Modificaciones<\/h2>\n<p>TEAR S.C.A. se reserva el derecho de efectuar sin previo aviso las modificaciones que considere oportunas en su portal, pudiendo cambiar, suprimir o a\u00f1adir tanto los contenidos y servicios que se presten a trav\u00e9s de la misma como la forma en la que \u00e9stos aparezcan presentados o localizados en su portal.<\/p>\n<h2>Enlaces<\/h2>\n<p>En el caso de que en WWW.CESRAMONYCAJAL.COM se dispusiesen enlaces o hiperv\u00ednculos hac\u00eda otros sitios de Internet, TEAR S.C.A. no ejercer\u00e1 ning\u00fan tipo de control sobre dichos sitios y contenidos. En ning\u00fan caso TEAR S.C.A. asumir\u00e1 responsabilidad alguna por los contenidos de alg\u00fan enlace perteneciente a un sitio web ajeno, ni garantizar\u00e1 la disponibilidad t\u00e9cnica, calidad, fiabilidad, exactitud, amplitud, veracidad, validez y constitucionalidad de cualquier material o informaci\u00f3n contenida en ninguno de dichos hiperv\u00ednculos u otros sitios de Internet. Igualmente la inclusi\u00f3n de estas conexiones externas no implicar\u00e1 ning\u00fan tipo de asociaci\u00f3n, fusi\u00f3n o participaci\u00f3n con las entidades conectadas.<\/p>\n<h2>Derechos de exclusi\u00f3n<\/h2>\n<p>TEAR S.C.A. se reserva el derecho a denegar o retirar el acceso a portal y\/o los servicios ofrecidos sin necesidad de preaviso, a instancia propia o de un tercero, a aquellos usuarios que incumplan las presentes Condiciones Generales de Uso.<\/p>\n<h2>Generalidades<\/h2>\n<p>TEAR S.C.A. perseguir\u00e1 el incumplimiento de las presentes condiciones as\u00ed como cualquier utilizaci\u00f3n indebida de su portal ejerciendo todas las acciones civiles y penales que le puedan corresponder en derecho.<\/p>\n<h2>Modificaci\u00f3n de las condiciones y duraci\u00f3n<\/h2>\n<p>TEAR S.C.A. podr\u00e1 modificar en cualquier momento las condiciones aqu\u00ed determinadas, siendo debidamente publicadas como aqu\u00ed aparecen. La vigencia de las citadas condiciones ir\u00e1 en funci\u00f3n de su exposici\u00f3n y estar\u00e1n vigentes hasta que sean modificadas por otras debidamente publicadas.<\/p>\n<h2>Seguridad<\/h2>\n<p>El sitio web utiliza t\u00e9cnicas de seguridad de la informaci\u00f3n generalmente aceptadas en la industria, tales como firewalls, procedimientos de control de acceso y mecanismos criptogr\u00e1ficos, todo ello con el objeto de evitar el acceso no autorizado a los datos. Para lograr estos fines, el usuario\/cliente acepta que el prestador obtenga datos para efectos de la correspondiente autenticaci\u00f3n de los controles de acceso.<\/p>\n<h2>Legislaci\u00f3n aplicable y jurisdicci\u00f3n<\/h2>\n<p>La relaci\u00f3n entre TEAR S.C.A. y el USUARIO se regir\u00e1 por la normativa espa\u00f1ola vigente y cualquier controversia se someter\u00e1 a los Juzgados y tribunales que corresponda.<\/p>\n<p>Fecha de la \u00faltima modificaci\u00f3n\/actualizaci\u00f3n del presente aviso legal: 14\/06\/2018<\/p>\n<p>Para cualquier consulta, puede contactar con TEAR S.C.A. en el correo electr\u00f3nico ADMINISTRACION@CESRAMONYCAJAL.COM.<\/p>\n<p>[\/et_pb_text][\/et_pb_column][\/et_pb_row][\/et_pb_section]<\/p>\n","protected":false},"excerpt":{"rendered":"<p>Titularidad del sitio web En cumplimiento del art\u00edculo 10 de la Ley 34\/2002, de 11 de julio, de Servicios de la Sociedad de la Informaci\u00f3n y Comercio Electr\u00f3nico, se facilita la siguiente informaci\u00f3n sobre el responsable del sitio web: Responsable del tratamiento de los datos Nombre: TEAR S.C.A. CIF: F18024703 Domicilio: C\/ Ca\u00f1averal, s\/n, 18004 [&hellip;]<\/p>\n","protected":false},"author":2,"featured_media":0,"parent":0,"menu_order":0,"comment_status":"closed","ping_status":"closed","template":"","meta":{"_et_pb_use_builder":"on","_et_pb_old_content":"","_et_gb_content_width":"","footnotes":""},"class_list":["post-51896","page","type-page","status-publish","hentry"],"_links":{"self":[{"href":"https:\/\/www.test.cesramonycajal.com\/index.php?rest_route=\/wp\/v2\/pages\/51896","targetHints":{"allow":["GET"]}}],"collection":[{"href":"https:\/\/www.test.cesramonycajal.com\/index.php?rest_route=\/wp\/v2\/pages"}],"about":[{"href":"https:\/\/www.test.cesramonycajal.com\/index.php?rest_route=\/wp\/v2\/types\/page"}],"author":[{"embeddable":true,"href":"https:\/\/www.test.cesramonycajal.com\/index.php?rest_route=\/wp\/v2\/users\/2"}],"replies":[{"embeddable":true,"href":"https:\/\/www.test.cesramonycajal.com\/index.php?rest_route=%2Fwp%2Fv2%2Fcomments&post=51896"}],"version-history":[{"count":13,"href":"https:\/\/www.test.cesramonycajal.com\/index.php?rest_route=\/wp\/v2\/pages\/51896\/revisions"}],"predecessor-version":[{"id":51971,"href":"https:\/\/www.test.cesramonycajal.com\/index.php?rest_route=\/wp\/v2\/pages\/51896\/revisions\/51971"}],"wp:attachment":[{"href":"https:\/\/www.test.cesramonycajal.com\/index.php?rest_route=%2Fwp%2Fv2%2Fmedia&parent=51896"}],"curies":[{"name":"wp","href":"https:\/\/api.w.org\/{rel}","templated":true}]}}