{"id":480,"date":"2018-01-30T10:16:38","date_gmt":"2018-01-30T09:16:38","guid":{"rendered":"http:\/\/www.cesramonycajal.com\/?page_id=480"},"modified":"2018-01-30T10:16:38","modified_gmt":"2018-01-30T09:16:38","slug":"bachillerato","status":"publish","type":"page","link":"https:\/\/www.test.cesramonycajal.com\/?page_id=480","title":{"rendered":"Bachillerato"},"content":{"rendered":"<p>[vc_section full_width=&quot;stretch_row&quot; el_class=&quot;cabecera&quot; css=&quot;.vc_custom_1517561815136{background-image: url(https:\/\/www.test.cesramonycajal.com\/wp-content\/uploads\/2018\/02\/bk-bachiller.jpg?id=741 !important;background-position: center !important;background-repeat: no-repeat !important;background-size: cover !important;}&quot;][vc_row][vc_column][vc_column_text el_class=&quot;titulo-cabecera&quot;]<\/p>\n<h1>Bachillerato<\/h1>\n<p><a class=\"eModal-1 btn-blanco\" href=\"\/\">CONTACTAR<\/a><\/p>\n<p>&nbsp;<\/p>\n<p style=\"text-align: right;\"><a class=\"btn-rojo\" href=\"https:\/\/esoybachillerato.cesramonycajal.com\">Con\u00e9ctate al Mundo<\/a><\/p>\n<p>[\/vc_column_text][\/vc_column][\/vc_row][\/vc_section][vc_section css=\u00bb.vc_custom_1515956763943{margin-bottom: 60px !important;}\u00bb][vc_row][vc_column][vc_column_text][\/vc_column_text][\/vc_column][\/vc_row][vc_row][vc_column width=\u00bb1\/2&#8243;][vc_column_text]<\/p>\n<h1><span style=\"color: #e60d2e;\"><span style=\"font-size: 28px;\">Bachillerato<\/span><\/span><\/h1>\n<p>[\/vc_column_text][vc_column_text]<span style=\"font-size: 14px; color: #00247d;\">En esta etapa educativa, que comprende por norma general desde los 16 a los 18 a\u00f1os, se favorece una ense\u00f1anza flexible que permita al alumnado desarrollarse en funci\u00f3n de sus intereses de especializaci\u00f3n en funci\u00f3n de la posterior trayectoria que desee tomar en su vida laboral.<\/span><\/p>\n<p><span style=\"font-size: 14px; color: #00247d;\">En el Centro Santiago Ram\u00f3n y Cajal, en \u00abla otra concertada\u00bb tenemos m\u00e1s de 30 a\u00f1os de experiencia en educaci\u00f3n. M\u00e1s de 35.000 alumnos han pasado ya por nosotros. Desde un modelo cooperativo de ense\u00f1anza, una forma de entender nuestra vida y profesi\u00f3n, ofrecemos:<\/span><\/p>\n<ul style=\"font-size: 14px; color: #00247d;\">\n<li>una de las ofertas educativas m\u00e1s amplias y completas de Andaluc\u00eda, adecuadas a las salidas profesionales que el mercado pueda demandar<\/li>\n<li>m\u00faltiples servicios asociados, tales como: posibilidad de intercambios a trav\u00e9s del programa Erasmus, servicio de orientaci\u00f3n educativa<\/li>\n<li>acci\u00f3n tutorial personalizada<\/li>\n<li>instalaciones<\/li>\n<li>localizaci\u00f3n<\/li>\n<li>\u00absaber hacer\u00bb&#8230;<\/li>\n<\/ul>\n<p>[\/vc_column_text][\/vc_column][vc_column width=\u00bb1\/2&#8243;][vc_column_text]<\/p>\n<h1><span style=\"font-size: 28px; color: #00247d;\">V\u00cdDEO PRESENTACI\u00d3N DEL CURSO<\/span><\/h1>\n<p>[\/vc_column_text][vc_video link=&quot;https:\/\/www.youtube.com\/watch?v=rvikVgHXnu4&quot;][\/vc_column][\/vc_row][vc_row][vc_column][vc_column_text][\/vc_column_text][\/vc_column][\/vc_row][vc_row][vc_column][vc_tta_tabs active_section=&quot;1&quot; el_class=&quot;bloque-tabs&quot;][vc_tta_section title=&quot;1\u00ba Bachillerato&quot; tab_id=&quot;1bachillerato-hcs&quot;][vc_row_inner css=&quot;.vc_custom_1519634323363{margin-bottom: 60px !important;}&quot;][vc_column_inner width=&quot;1\/3&quot;][vc_column_text el_class=&quot;texto-blanco info-modulos&quot; css=&quot;.vc_custom_1517562028006{background-image: url(https:\/\/www.test.cesramonycajal.com\/wp-content\/uploads\/2018\/02\/bachiller1.jpeg?id=734 !important;background-position: center !important;background-repeat: no-repeat !important;background-size: cover !important;}&quot;]1\u00ba Bachillerato<br \/>\nHCS[\/vc_column_text][\/vc_column_inner][vc_column_inner width=&quot;2\/3&quot;][vc_column_text el_class=&quot;tabla-formacion overflow-movil&quot;]<\/p>\n<table>\n<tbody>\n<tr style=\"height: 48px;\">\n<td style=\"text-align: center; height: 48px; width: 33.1115%;\">Bloques de materias<\/td>\n<td style=\"text-align: center; height: 48px; width: 46.0899%;\">Materias<\/td>\n<td style=\"text-align: center; height: 48px; width: 19.1348%;\">Sesiones lectivas<\/td>\n<\/tr>\n<tr style=\"height: 24px;\">\n<td style=\"text-align: center; height: 96px; width: 33.1115%;\" rowspan=\"4\">Comunes<\/td>\n<td style=\"text-align: center; height: 24px; width: 46.0899%;\">Filosof\u00eda<\/td>\n<td style=\"text-align: center; height: 24px; width: 19.1348%;\">3<\/td>\n<\/tr>\n<tr style=\"height: 24px;\">\n<td style=\"text-align: center; height: 24px; width: 46.0899%;\">Lengua Castellana y Literatura I<\/td>\n<td style=\"text-align: center; height: 24px; width: 19.1348%;\">4<\/td>\n<\/tr>\n<tr style=\"height: 24px;\">\n<td style=\"height: 24px; width: 46.0899%; text-align: center;\">Ingl\u00e9s I<\/td>\n<td style=\"text-align: center; height: 24px; width: 19.1348%;\">4<\/td>\n<\/tr>\n<tr style=\"height: 24px;\">\n<td style=\"height: 24px; width: 46.0899%; text-align: center;\">Educaci\u00f3n F\u00edsica<\/td>\n<td style=\"text-align: center; height: 24px; width: 19.1348%;\">2<\/td>\n<\/tr>\n<tr style=\"height: 33px;\">\n<td style=\"text-align: center; height: 66px; width: 33.1115%;\">Materias de modalidad (Elegir 1)<\/td>\n<td style=\"height: 33px; width: 46.0899%; text-align: center;\"><strong>Humanidades<\/strong><\/p>\n<p>Lat\u00edn I<\/p>\n<p><strong>Ciencias Sociales<\/strong><\/p>\n<p>Matem\u00e1ticas aplicadas<\/td>\n<td style=\"text-align: center; height: 33px; width: 19.1348%;\">4<\/td>\n<\/tr>\n<tr style=\"height: 33px;\">\n<td style=\"text-align: center; height: 66px; width: 33.1115%;\">Materias de modalidad (Elegir 2)<\/td>\n<td style=\"text-align: center; height: 33px; width: 46.0899%;\">Griego I \/ Historia del mundo Contempor\u00e1neo \/ Literatura universal \/ Econom\u00eda<\/td>\n<td style=\"text-align: center; height: 33px; width: 19.1348%;\">4 + 4<\/td>\n<\/tr>\n<tr style=\"height: 33px;\">\n<td style=\"text-align: center; height: 66px; width: 33.1115%;\">Materias propias de la comunidad Andaluza (Obligatoria)<\/td>\n<td style=\"text-align: center; height: 33px; width: 46.0899%;\">Cultura Emprendedora y Empresarial<\/td>\n<td style=\"text-align: center; height: 33px; width: 19.1348%;\">2<\/td>\n<\/tr>\n<tr style=\"height: 33px;\">\n<td style=\"text-align: center; height: 66px; width: 33.1115%;\">Materias propias de la comunidad Andaluza (Elegir 1)<\/td>\n<td style=\"text-align: center; height: 33px; width: 46.0899%;\">Franc\u00e9s I \/ Tecnolog\u00eda de la Informaci\u00f3n y la Comunicaci\u00f3n I<\/td>\n<td style=\"text-align: center; height: 33px; width: 19.1348%;\">2<\/td>\n<\/tr>\n<tr style=\"height: 24px;\">\n<td style=\"text-align: center; height: 48px; width: 33.1115%;\">Elegir 1<\/td>\n<td style=\"text-align: center; height: 48px; width: 46.0899%;\">Religi\u00f3n \/ Educaci\u00f3n para la Convivencia Democr\u00e1tica I<\/td>\n<td style=\"text-align: center; height: 48px; width: 19.1348%;\">1<\/td>\n<\/tr>\n<tr style=\"height: 24px;\">\n<td style=\"text-align: center; height: 24px; width: 79.2014%;\" colspan=\"2\">TOTAL<\/td>\n<td style=\"text-align: center; height: 24px; width: 19.1348%;\">30<\/td>\n<\/tr>\n<\/tbody>\n<\/table>\n<p>[\/vc_column_text][\/vc_column_inner][\/vc_row_inner][vc_row_inner][vc_column_inner width=&quot;1\/3&quot;][vc_column_text el_class=&quot;texto-blanco info-modulos&quot; css=&quot;.vc_custom_1517562234738{background-image: url(https:\/\/www.test.cesramonycajal.com\/wp-content\/uploads\/2018\/02\/clinic-doctor-health-hospital.jpg?id=744 !important;background-position: center !important;background-repeat: no-repeat !important;background-size: cover !important;}&quot;]1\u00ba Bachillerato<br \/>\nCiencias[\/vc_column_text][\/vc_column_inner][vc_column_inner width=&quot;2\/3&quot;][vc_column_text el_class=&quot;tabla-formacion overflow-movil&quot;]<\/p>\n<table>\n<tbody>\n<tr style=\"height: 24px;\">\n<td style=\"height: 24px; text-align: center;\">Bloque de materias<\/td>\n<td style=\"height: 24px; text-align: center;\">Materias<\/td>\n<td style=\"height: 24px; text-align: center;\">Sesiones Lectivas<\/td>\n<\/tr>\n<tr style=\"height: 24px;\">\n<td style=\"height: 96px; text-align: center;\" rowspan=\"4\">Comunes<\/td>\n<td style=\"height: 24px; text-align: center;\">Filosof\u00eda<\/td>\n<td style=\"height: 24px; text-align: center;\">3<\/td>\n<\/tr>\n<tr style=\"height: 24px;\">\n<td style=\"height: 24px; text-align: center;\">Lengua Castellana y Literatura I<\/td>\n<td style=\"height: 24px; text-align: center;\">4<\/td>\n<\/tr>\n<tr style=\"height: 24px;\">\n<td style=\"height: 24px; text-align: center;\">Educaci\u00f3n F\u00edsica<\/td>\n<td style=\"height: 24px; text-align: center;\">2<\/td>\n<\/tr>\n<tr style=\"height: 24px;\">\n<td style=\"height: 24px; text-align: center;\">Ingl\u00e9s I<\/td>\n<td style=\"height: 24px; text-align: center;\">4<\/td>\n<\/tr>\n<tr style=\"height: 96px;\">\n<td style=\"height: 192px; text-align: center;\">Materias de modalidad (Obligatoria)<\/td>\n<td style=\"height: 96px; text-align: center;\">Matem\u00e1ticas I<\/td>\n<td style=\"height: 96px; text-align: center;\">4<\/td>\n<\/tr>\n<tr style=\"height: 96px;\">\n<td style=\"height: 192px; text-align: center;\">Materias de modalidad (Elegir 2)<\/td>\n<td style=\"height: 96px; text-align: center;\"><strong>Ciencias<\/strong><\/p>\n<p>Biolog\u00eda, Geolog\u00eda y Ciencias Ambientales \/ F\u00edsica y Qu\u00edmica<\/p>\n<p><strong>Tecnolog\u00eda<\/strong><\/p>\n<p>Dibujo T\u00e9cnico I\u00a0\/ Tecnolog\u00eda e Ingenier\u00eda I<\/td>\n<td style=\"height: 96px; text-align: center;\">4 + 4<\/td>\n<\/tr>\n<tr style=\"height: 24px;\">\n<td style=\"height: 34px; text-align: center;\">Materias propias de la comunidad <span style=\"font-family: inherit; font-size: inherit;\">Andaluza<\/span><\/p>\n<p>(Obligatoria)<\/td>\n<td style=\"height: 10px; text-align: center;\">Anatom\u00eda aplicada<\/td>\n<td style=\"height: 10px; text-align: center;\">2<\/td>\n<\/tr>\n<tr style=\"height: 24px;\">\n<td style=\"height: 34px; text-align: center;\">Materias propias de la comunidad <span style=\"font-family: inherit; font-size: inherit;\">Andaluza<\/span><\/p>\n<p>(Elegir 1)<\/td>\n<td style=\"height: 24px; text-align: center;\">Franc\u00e9s \/ Tecnolog\u00eda de la Informaci\u00f3n y la Comunicaci\u00f3n I<\/td>\n<td style=\"height: 24px; text-align: center;\">2<\/td>\n<\/tr>\n<tr style=\"height: 24px;\">\n<td style=\"height: 48px; text-align: center;\">Elegir 1<\/td>\n<td style=\"height: 48px; text-align: center;\">Religi\u00f3n \/ Educaci\u00f3n para la Convivencia Democr\u00e1tica I<\/td>\n<td style=\"height: 48px; text-align: center;\">1<\/td>\n<\/tr>\n<tr style=\"height: 24px;\">\n<td style=\"text-align: center; height: 24px;\" colspan=\"2\">TOTAL<\/td>\n<td style=\"text-align: center; height: 24px;\">30<\/td>\n<\/tr>\n<\/tbody>\n<\/table>\n<p>[\/vc_column_text][\/vc_column_inner][\/vc_row_inner][\/vc_tta_section][vc_tta_section title=&quot;2\u00ba Bachillerato&quot; tab_id=&quot;2bachillerato-hcs&quot;][vc_row_inner css=&quot;.vc_custom_1519634328962{margin-bottom: 60px !important;}&quot;][vc_column_inner width=&quot;1\/3&quot;][vc_column_text el_class=&quot;texto-blanco info-modulos&quot; css=&quot;.vc_custom_1517562077103{background-image: url(https:\/\/www.test.cesramonycajal.com\/wp-content\/uploads\/2018\/02\/bachiller2.jpg?id=732 !important;background-position: center !important;background-repeat: no-repeat !important;background-size: cover !important;}&quot;]2\u00ba Bachillerato<br \/>\nHCS[\/vc_column_text][\/vc_column_inner][vc_column_inner width=&quot;2\/3&quot;][vc_column_text el_class=&quot;tabla-formacion overflow-movil&quot;]<\/p>\n<table>\n<tbody>\n<tr style=\"height: 24px;\">\n<td style=\"height: 24px; text-align: center; width: 29.6348%;\">Bloque de materia<\/td>\n<td style=\"height: 24px; text-align: center; width: 56.6011%;\">Materias<\/td>\n<td style=\"height: 24px; text-align: center; width: 43.118%;\">Sesiones lectivas<\/td>\n<\/tr>\n<tr style=\"height: 24px;\">\n<td style=\"height: 96px; text-align: center; width: 29.6348%;\" rowspan=\"4\">Comunes<\/td>\n<td style=\"height: 24px; text-align: center; width: 56.6011%;\">Historia de Espa\u00f1a<\/td>\n<td style=\"height: 24px; text-align: center; width: 43.118%;\">4<\/td>\n<\/tr>\n<tr style=\"height: 24px;\">\n<td style=\"height: 24px; text-align: center; width: 56.6011%;\">Historia de la filosof\u00eda<\/td>\n<td style=\"height: 24px; text-align: center; width: 43.118%;\">3<\/td>\n<\/tr>\n<tr style=\"height: 24px;\">\n<td style=\"height: 24px; text-align: center; width: 56.6011%;\">Lengua Castellana y Literatura II<\/td>\n<td style=\"height: 24px; text-align: center; width: 43.118%;\">3<\/td>\n<\/tr>\n<tr style=\"height: 24px;\">\n<td style=\"height: 24px; text-align: center; width: 56.6011%;\">Ingl\u00e9s II<\/td>\n<td style=\"height: 24px; text-align: center; width: 43.118%;\">3<\/td>\n<\/tr>\n<tr style=\"height: 24px;\">\n<td style=\"height: 48px; text-align: center; width: 29.6348%;\">Materias espec\u00edficas de la modalidad<br \/>\n(Elegir 1)<\/td>\n<td style=\"height: 24px; text-align: center; width: 56.6011%;\">Lat\u00edn II \/ Matem\u00e1ticas aplicadas<\/td>\n<td style=\"height: 24px; text-align: center; width: 43.118%;\">4<\/td>\n<\/tr>\n<tr style=\"height: 24px;\">\n<td style=\"height: 96px; text-align: center; width: 29.6348%;\" rowspan=\"2\">Materias espec\u00edficas de la modalidad<\/td>\n<td style=\"height: 24px; text-align: center; width: 56.6011%;\"><strong>Ciencias Sociales<\/strong><br \/>\nEmpresa y Dise\u00f1o de Modelos de Negocio \/ Geograf\u00eda<\/td>\n<td style=\"height: 24px; text-align: center; width: 43.118%;\">4 + 4<\/td>\n<\/tr>\n<tr style=\"height: 72px;\">\n<td style=\"text-align: center; height: 72px; width: 56.6011%;\"><strong>Humanidades<\/strong><br \/>\nHistoria del Arte \/ Griego II<\/td>\n<td style=\"text-align: center; height: 72px; width: 43.118%;\">4 + 4<\/td>\n<\/tr>\n<tr style=\"height: 24px;\">\n<td style=\"height: 96px; text-align: center; width: 29.6348%;\">Materias Optativas Propias de la Comunidad Andaluza<\/p>\n<p>(Obligatoria)<\/td>\n<td style=\"height: 96px; text-align: center; width: 56.6011%;\">Educaci\u00f3n F\u00edsica<\/td>\n<td style=\"height: 96px; text-align: center; width: 43.118%;\">2<\/td>\n<\/tr>\n<tr style=\"height: 24px;\">\n<td style=\"height: 93px; text-align: center; width: 29.6348%;\">Materias Optativas Propias de la Comunidad Andaluza<\/p>\n<p>(Elegir 1)<\/td>\n<td style=\"height: 93px; text-align: center; width: 56.6011%;\">Fundamentos de Administraci\u00f3n y Gesti\u00f3n \/ Franc\u00e9s II \/ Tecnolog\u00edas de la Informaci\u00f3n y de la Telecomunicaci\u00f3n II<\/td>\n<td style=\"height: 93px; text-align: center; width: 43.118%;\">2<\/td>\n<\/tr>\n<tr style=\"height: 24px;\">\n<td style=\"text-align: center; height: 48px; width: 29.6348%;\" rowspan=\"2\">Elegir 1<\/td>\n<td style=\"text-align: center; height: 24px; width: 56.6011%;\">Religi\u00f3n<\/td>\n<td style=\"text-align: center; height: 24px; width: 43.118%;\">1<\/td>\n<\/tr>\n<tr style=\"height: 24px;\">\n<td style=\"text-align: center; height: 24px; width: 56.6011%;\">Proyectos Transversales de Educaci\u00f3n en Valores<\/td>\n<td style=\"text-align: center; height: 24px; width: 43.118%;\">1<\/td>\n<\/tr>\n<tr style=\"height: 24px;\">\n<td style=\"text-align: center; height: 24px; width: 86.236%;\" colspan=\"2\">Total<\/td>\n<td style=\"text-align: center; height: 24px; width: 43.118%;\">30<\/td>\n<\/tr>\n<\/tbody>\n<\/table>\n<p>[\/vc_column_text][\/vc_column_inner][\/vc_row_inner][vc_row_inner][vc_column_inner width=&quot;1\/3&quot;][vc_column_text el_class=&quot;texto-blanco info-modulos&quot; css=&quot;.vc_custom_1517562248569{background-image: url(https:\/\/www.test.cesramonycajal.com\/wp-content\/uploads\/2018\/02\/pexels-photo-595804.jpeg?id=745 !important;background-position: center !important;background-repeat: no-repeat !important;background-size: cover !important;}&quot;]2\u00ba Bachillerato<br \/>\nCiencias[\/vc_column_text][\/vc_column_inner][vc_column_inner width=&quot;2\/3&quot;][vc_column_text el_class=&quot;tabla-formacion overflow-movil&quot;]<\/p>\n<table>\n<tbody>\n<tr style=\"height: 48px;\">\n<td style=\"height: 48px; text-align: center; width: 31.8038%;\">Bloque de materias<\/td>\n<td style=\"height: 48px; text-align: center; width: 46.8354%;\">Materias<\/td>\n<td style=\"height: 48px; text-align: center; width: 62.8165%;\">Sesiones lectivas<\/td>\n<\/tr>\n<tr style=\"height: 24px;\">\n<td style=\"text-align: center; height: 96px; width: 31.8038%;\" rowspan=\"4\">Comunes<\/td>\n<td style=\"text-align: center; height: 24px; width: 46.8354%;\">Historia de Espa\u00f1a<\/td>\n<td style=\"text-align: center; height: 24px; width: 62.8165%;\">4<\/td>\n<\/tr>\n<tr style=\"height: 24px;\">\n<td style=\"text-align: center; height: 24px; width: 46.8354%;\">Historia de la Filosofia<\/td>\n<td style=\"text-align: center; height: 24px; width: 62.8165%;\">3<\/td>\n<\/tr>\n<tr style=\"height: 24px;\">\n<td style=\"text-align: center; height: 24px; width: 46.8354%;\">Lengua Castellana y Literatura II<\/td>\n<td style=\"text-align: center; height: 24px; width: 62.8165%;\">3<\/td>\n<\/tr>\n<tr style=\"height: 24px;\">\n<td style=\"text-align: center; height: 24px; width: 46.8354%;\">Ingl\u00e9s II<\/td>\n<td style=\"text-align: center; height: 24px; width: 62.8165%;\">3<\/td>\n<\/tr>\n<tr style=\"height: 24px;\">\n<td style=\"text-align: center; height: 72px; width: 31.8038%;\">Materias espec\u00edficas de la modalidad (Obligatoria)<\/td>\n<td style=\"text-align: center; height: 72px; width: 46.8354%;\">Matem\u00e1ticas II<\/td>\n<td style=\"text-align: center; height: 72px; width: 62.8165%;\">4<\/td>\n<\/tr>\n<tr style=\"height: 48px;\">\n<td style=\"text-align: center; height: 34px; width: 31.8038%;\" rowspan=\"2\">Materias espec\u00edficas de la modalidad (Elegir 2)<\/td>\n<td style=\"height: 10px; text-align: center; width: 46.8354%;\"><strong>Cient\u00edfico<\/strong><\/p>\n<p>Biolog\u00eda \/ Qu\u00edmica \/ F\u00edsica<\/td>\n<td style=\"height: 10px; text-align: center; width: 62.8165%;\">4 + 4<\/td>\n<\/tr>\n<tr style=\"height: 24px;\">\n<td style=\"text-align: center; height: 24px; width: 46.8354%;\"><strong>Tecnol\u00f3gico<\/strong><\/p>\n<p>Dibujo T\u00e9cnico II \/ Tecnolog\u00eda e Ingenier\u00eda II<\/td>\n<td style=\"text-align: center; height: 24px; width: 62.8165%;\">4 + 4<\/td>\n<\/tr>\n<tr style=\"height: 48px;\">\n<td style=\"text-align: center; width: 31.8038%; height: 48px;\">Materias Optativas Propias de la Comunidad Andaluza (Obligatoria)<\/td>\n<td style=\"text-align: center; width: 46.8354%; height: 48px;\">Educaci\u00f3n F\u00edsica<\/td>\n<td style=\"text-align: center; width: 62.8165%; height: 48px;\">2<\/td>\n<\/tr>\n<tr style=\"height: 72px;\">\n<td style=\"height: 65px; text-align: center; width: 31.8038%;\">Materias Optativas Propias de la Comunidad Andaluza (Elegir 1)<\/td>\n<td style=\"height: 65px; text-align: center; width: 46.8354%;\">Franc\u00e9s II \/ Tecnolog\u00eda de la Informaci\u00f3n y la Telecomunicaci\u00f3n II \/ Fundamentos de Administraci\u00f3n y Gesti\u00f3n<\/td>\n<td style=\"height: 65px; text-align: center; width: 62.8165%;\">2<\/td>\n<\/tr>\n<tr style=\"height: 48px;\">\n<td style=\"text-align: center; height: 34px; width: 31.8038%;\" rowspan=\"2\">Elegir 1<\/td>\n<td style=\"text-align: center; height: 10px; width: 46.8354%;\">Religi\u00f3n<\/td>\n<td style=\"text-align: center; height: 10px; width: 62.8165%;\">1<\/td>\n<\/tr>\n<tr style=\"height: 24px;\">\n<td style=\"text-align: center; height: 24px; width: 46.8354%;\">Proyectos Transversales de Educaci\u00f3n en Valores<\/td>\n<td style=\"text-align: center; height: 24px; width: 62.8165%;\">1<\/td>\n<\/tr>\n<tr style=\"height: 24px;\">\n<td style=\"text-align: center; height: 24px; width: 78.6392%;\" colspan=\"2\">TOTAL<\/td>\n<td style=\"text-align: center; height: 24px; width: 62.8165%;\">30<\/td>\n<\/tr>\n<\/tbody>\n<\/table>\n<p>[\/vc_column_text][\/vc_column_inner][\/vc_row_inner][\/vc_tta_section][\/vc_tta_tabs][\/vc_column][\/vc_row][\/vc_section][vc_section css=\u00bb.vc_custom_1515956793295{margin-top: 30px !important;}\u00bb][vc_row][vc_column][vc_column_text]<a class=\"eModal-2 btn-rojo-full\" href=\"\/\">INF\u00d3RMATE<\/a>[\/vc_column_text][\/vc_column][\/vc_row][\/vc_section][vc_section][vc_row full_width=\u00bbstretch_row_content_no_spaces\u00bb][vc_column][vc_column_text][entradas posts=4][\/vc_column_text][\/vc_column][\/vc_row][\/vc_section]<\/p>\n","protected":false},"excerpt":{"rendered":"<p>[vc_section full_width=&quot;stretch_row&quot; el_class=&quot;cabecera&quot; css=&quot;.vc_custom_1517561815136{background-image: url(https:\/\/www.test.cesramonycajal.com\/wp-content\/uploads\/2018\/02\/bk-bachiller.jpg?id=741 !important;background-position: center !important;background-repeat: no-repeat !important;background-size: cover !important;}&quot;][vc_row][vc_column][vc_column_text el_class=&quot;titulo-cabecera&quot;] Bachillerato CONTACTAR &nbsp; Con\u00e9ctate al Mundo [\/vc_column_text][\/vc_column][\/vc_row][\/vc_section][vc_section css=\u00bb.vc_custom_1515956763943{margin-bottom: 60px !important;}\u00bb][vc_row][vc_column][vc_column_text][\/vc_column_text][\/vc_column][\/vc_row][vc_row][vc_column width=\u00bb1\/2&#8243;][vc_column_text] Bachillerato [\/vc_column_text][vc_column_text]En esta etapa educativa, que comprende por norma general desde los 16 a los 18 a\u00f1os, se favorece una ense\u00f1anza flexible que permita al alumnado desarrollarse en funci\u00f3n de sus [&hellip;]<\/p>\n","protected":false},"author":2,"featured_media":0,"parent":0,"menu_order":0,"comment_status":"closed","ping_status":"closed","template":"plantilla-ramonycajal.php","meta":{"_et_pb_use_builder":"","_et_pb_old_content":"","_et_gb_content_width":"","footnotes":""},"class_list":["post-480","page","type-page","status-publish","hentry"],"_links":{"self":[{"href":"https:\/\/www.test.cesramonycajal.com\/index.php?rest_route=\/wp\/v2\/pages\/480","targetHints":{"allow":["GET"]}}],"collection":[{"href":"https:\/\/www.test.cesramonycajal.com\/index.php?rest_route=\/wp\/v2\/pages"}],"about":[{"href":"https:\/\/www.test.cesramonycajal.com\/index.php?rest_route=\/wp\/v2\/types\/page"}],"author":[{"embeddable":true,"href":"https:\/\/www.test.cesramonycajal.com\/index.php?rest_route=\/wp\/v2\/users\/2"}],"replies":[{"embeddable":true,"href":"https:\/\/www.test.cesramonycajal.com\/index.php?rest_route=%2Fwp%2Fv2%2Fcomments&post=480"}],"version-history":[{"count":0,"href":"https:\/\/www.test.cesramonycajal.com\/index.php?rest_route=\/wp\/v2\/pages\/480\/revisions"}],"wp:attachment":[{"href":"https:\/\/www.test.cesramonycajal.com\/index.php?rest_route=%2Fwp%2Fv2%2Fmedia&parent=480"}],"curies":[{"name":"wp","href":"https:\/\/api.w.org\/{rel}","templated":true}]}}